{"id":9868,"date":"2023-01-25T10:01:53","date_gmt":"2023-01-25T10:01:53","guid":{"rendered":"https:\/\/tracklementsglobal.com\/b-corp-sertifisert\/"},"modified":"2025-08-11T13:43:39","modified_gmt":"2025-08-11T13:43:39","slug":"b-corp-sertifisert","status":"publish","type":"page","link":"https:\/\/tracklementsglobal.com\/no\/om\/b-corp-sertifisert\/","title":{"rendered":"B Corp-sertifisert"},"content":{"rendered":"<div class=\"wpb-content-wrapper\"><p>[vc_row basel_bg_position=&raquo;right-bottom&raquo; el_class=&raquo;sidebar-banner&raquo; css=&raquo;.vc_custom_1635783099320{background-image: url(https:\/\/tracklements.co.uk\/wp-content\/uploads\/2021\/11\/B-corp-2-.png?id=31319) !important;}&raquo;][vc_column width=&raquo;1\/2&#8243;][vc_column_text]<\/p>\n<h1>B Corp-sertifisert<\/h1>\n<h3>\u00c5 gj\u00f8re forretninger p\u00e5 riktig m\u00e5te<\/h3>\n<p>&nbsp;<\/p>\n<p>[\/vc_column_text][\/vc_column][vc_column width=&raquo;1\/2&#8243;][\/vc_column][\/vc_row][vc_row][vc_column width=&raquo;1\/2&#8243;][vc_column_text]Vi er utrolig stolte over \u00e5 ha blitt tildelt B Corp-sertifisering som er anerkjent som den h\u00f8yeste standarden for sosialt samfunnsansvar.<br \/>\nB Corps er en ny type selskap som bruker virksomhet som en kraft for det gode. Sertifiserte B Corps tilfredsstiller et strengt sett med standarder som dekker alt fra deres milj\u00f8p\u00e5virkning til styring.<\/p>\n<p>Tro mot v\u00e5re grunnleggende prinsipper Tracklements mener at alle interessenter knyttet til oss b\u00f8r trives sammen med oss, fra menneskene som dyrker og h\u00f8ster ingrediensene v\u00e5re til teamet av Tracklementeers som lager v\u00e5re fantastiske produkter s\u00e5 vel som lokalsamfunnet v\u00e5rt og selvf\u00f8lgelig planeten v\u00e5r og v\u00e5re kunder.<\/p>\n<p>For eksempel betaler vi leverand\u00f8rene v\u00e5re en rettferdig pris for ingrediensene av beste kvalitet, vi reduserer matsvinn ved \u00e5 bruke &laquo;vante&raquo; frukt og gr\u00f8nnsaker som ellers ville blitt kastet, vi betaler over level\u00f8nnen, vi kutter ikke hj\u00f8rner n\u00e5r det kommer til \u00e5 lage v\u00e5re prisvinnende produkter, genererer vi v\u00e5r egen gr\u00f8nne elektrisitet, behandler avl\u00f8psvannet v\u00e5rt og vi er forpliktet til prosjekter som gir tilbake til samfunnet, som v\u00e5r <a href=\"https:\/\/tracklements.co.uk\/about\/giving-back\/crabapple-project\/\">Crabapple<\/a> og <a href=\"https:\/\/tracklements.co.uk\/about\/giving-back\/win-a-tree-and-save-the-bee\/\">Medlar<\/a> -prosjekter.<\/p>\n<p>\u00c5 v\u00e6re et B Corp-sertifisert selskap er enda et skritt p\u00e5 v\u00e5r reise mot \u00e5 bli bedre hver dag og hjelper oss i l\u00f8ftet v\u00e5rt om \u00e5 v\u00e6re Pantryets liv og sjel.[\/vc_column_text][\/vc_column][vc_column width=&raquo;1\/2&#8243;][vc_column_text]Du kan se v\u00e5r effektrapport her:<\/p>\n<p><a href=\"https:\/\/tracklements.co.uk\/wp-content\/uploads\/2022\/12\/Impact-report.pdf\">Konsekvensrapport<\/a>[\/vc_column_text][vc_single_image image=&raquo;31295&#8243; img_size=&raquo;full&raquo; onclick=&raquo;custom_link&raquo; link=&raquo;https:\/\/tracklements.co.uk\/wp-content\/uploads\/2022\/12\/Impact-report.pdf&raquo;][\/vc_column][\/vc_row][vc_row][vc_column][vc_single_image image=&raquo;31326&#8243; img_size=&raquo;full&raquo;][\/vc_column][\/vc_row]<\/p>\n<\/div>","protected":false},"excerpt":{"rendered":"<p>[vc_row basel_bg_position=&raquo;right-bottom&raquo; el_class=&raquo;sidebar-banner&raquo; css=&raquo;.vc_custom_1635783099320{background-image: url(https:\/\/tracklements.co.uk\/wp-content\/uploads\/2021\/11\/B-corp-2-.png?id=31319) !important;}&raquo;][vc_column width=&raquo;1\/2&#8243;][vc_column_text] B Corp-sertifisert \u00c5 gj\u00f8re forretninger p\u00e5 riktig m\u00e5te &nbsp; [\/vc_column_text][\/vc_column][vc_column width=&raquo;1\/2&#8243;][\/vc_column][\/vc_row][vc_row][vc_column width=&raquo;1\/2&#8243;][vc_column_text]Vi er<\/p>\n","protected":false},"author":1,"featured_media":0,"parent":10786,"menu_order":0,"comment_status":"closed","ping_status":"closed","template":"","meta":{"_acf_changed":false,"footnotes":""},"class_list":["post-9868","page","type-page","status-publish","hentry"],"acf":[],"_links":{"self":[{"href":"https:\/\/tracklementsglobal.com\/no\/wp-json\/wp\/v2\/pages\/9868","targetHints":{"allow":["GET"]}}],"collection":[{"href":"https:\/\/tracklementsglobal.com\/no\/wp-json\/wp\/v2\/pages"}],"about":[{"href":"https:\/\/tracklementsglobal.com\/no\/wp-json\/wp\/v2\/types\/page"}],"author":[{"embeddable":true,"href":"https:\/\/tracklementsglobal.com\/no\/wp-json\/wp\/v2\/users\/1"}],"replies":[{"embeddable":true,"href":"https:\/\/tracklementsglobal.com\/no\/wp-json\/wp\/v2\/comments?post=9868"}],"version-history":[{"count":2,"href":"https:\/\/tracklementsglobal.com\/no\/wp-json\/wp\/v2\/pages\/9868\/revisions"}],"predecessor-version":[{"id":11354,"href":"https:\/\/tracklementsglobal.com\/no\/wp-json\/wp\/v2\/pages\/9868\/revisions\/11354"}],"up":[{"embeddable":true,"href":"https:\/\/tracklementsglobal.com\/no\/wp-json\/wp\/v2\/pages\/10786"}],"wp:attachment":[{"href":"https:\/\/tracklementsglobal.com\/no\/wp-json\/wp\/v2\/media?parent=9868"}],"curies":[{"name":"wp","href":"https:\/\/api.w.org\/{rel}","templated":true}]}}