{"id":6491,"date":"2023-01-26T12:39:08","date_gmt":"2023-01-26T12:39:08","guid":{"rendered":"https:\/\/tracklementsglobal.com\/ca\/product\/gelee-de-menthe-fraiche\/"},"modified":"2023-06-07T15:28:15","modified_gmt":"2023-06-07T15:28:15","slug":"gelee-de-menthe-fraiche","status":"publish","type":"product","link":"https:\/\/tracklementsglobal.com\/ca\/fr\/produit\/gelee-de-menthe-fraiche\/","title":{"rendered":"Gel\u00e9e de menthe"},"content":{"rendered":"<p>d\u00e9licieux avec de l&rsquo;agneau<\/p>\n<h3>Ingr\u00e9dients<\/h3>\n<p>Sucre de canne brut, eau, vinaigre de cidre, menthe (2%), jus de citron, g\u00e9lifiant: pectine d\u2019agrumes.<\/p>\n<p>Sans gluten.<\/p>\n","protected":false},"excerpt":{"rendered":"<p>Faite avec un bon filet de citron, cette gel\u00e9e tr\u00e8s menthol\u00e9e \u00e9l\u00e8ve l\u2019agneau r\u00f4ti, les carottes, les pois et les pommes de terre nouvelles sur un nouveau plan de d\u00e9licieux.<\/p>\n<p>&nbsp;<\/p>\n","protected":false},"featured_media":6749,"template":"","meta":{"_acf_changed":false},"product_brand":[],"product_cat":[712],"product_tag":[],"class_list":{"0":"post-6491","1":"product","2":"type-product","3":"status-publish","4":"has-post-thumbnail","6":"product_cat-gelees-fr","7":"pa_heat-1-fr","8":"pa_to-accompany-agneau","10":"first","11":"instock","12":"product-type-simple"},"acf":[],"_links":{"self":[{"href":"https:\/\/tracklementsglobal.com\/ca\/fr\/wp-json\/wp\/v2\/product\/6491","targetHints":{"allow":["GET"]}}],"collection":[{"href":"https:\/\/tracklementsglobal.com\/ca\/fr\/wp-json\/wp\/v2\/product"}],"about":[{"href":"https:\/\/tracklementsglobal.com\/ca\/fr\/wp-json\/wp\/v2\/types\/product"}],"wp:featuredmedia":[{"embeddable":true,"href":"https:\/\/tracklementsglobal.com\/ca\/fr\/wp-json\/wp\/v2\/media\/6749"}],"wp:attachment":[{"href":"https:\/\/tracklementsglobal.com\/ca\/fr\/wp-json\/wp\/v2\/media?parent=6491"}],"wp:term":[{"taxonomy":"product_brand","embeddable":true,"href":"https:\/\/tracklementsglobal.com\/ca\/fr\/wp-json\/wp\/v2\/product_brand?post=6491"},{"taxonomy":"product_cat","embeddable":true,"href":"https:\/\/tracklementsglobal.com\/ca\/fr\/wp-json\/wp\/v2\/product_cat?post=6491"},{"taxonomy":"product_tag","embeddable":true,"href":"https:\/\/tracklementsglobal.com\/ca\/fr\/wp-json\/wp\/v2\/product_tag?post=6491"}],"curies":[{"name":"wp","href":"https:\/\/api.w.org\/{rel}","templated":true}]}}